{"id":864,"date":"2023-01-24T15:05:25","date_gmt":"2023-01-24T14:05:25","guid":{"rendered":"https:\/\/dev.everpress.everapps.dev\/?page_id=864"},"modified":"2025-10-13T12:56:58","modified_gmt":"2025-10-13T10:56:58","slug":"startseite","status":"publish","type":"page","link":"https:\/\/www.brandes24.de\/shop\/","title":{"rendered":"Startseite"},"content":{"rendered":"\n\t<div class=\"ep-content-dynamic  bg-light space \"><div class=\"row   default-start default-top\"><h1 class=\"col align-left\">Willkommen im Brandes Kaminstudio Onlineshop  <span class=\"subline\">Ihre Adresse f\u00fcr W\u00e4rme mit Stil<\/span><\/h1><div class=\"col small-6 large-4 giant-5 \"><p>Ob gem\u00fctlicher Kaminabend, modernes Wohnambiente oder effiziente Heizl\u00f6sung \u2013 bei Brandes Kaminstudio finden Sie hochwertige Kamine, \u00d6fen und Zubeh\u00f6r f\u00fcr jeden Anspruch und Einrichtungsstil. Unser Sortiment umfasst ausgew\u00e4hlte Modelle f\u00fchrender Hersteller, die Qualit\u00e4t, Design und Funktionalit\u00e4t auf h\u00f6chstem Niveau vereinen.<\/p>\n<p>Wir begleiten Sie von der ersten Inspiration bis hin zur Umsetzung \u2013 mit kompetenter Beratung, langj\u00e4hriger Fachkenntnis und einem Gesp\u00fcr f\u00fcr individuelle L\u00f6sungen.<\/p>\n<\/div><div class=\"col small-6 large-4 giant-5 \"><p>Egal ob Holz-, Gas- oder Elektrokamin: Wir helfen Ihnen dabei, das passende Produkt f\u00fcr Ihr Zuhause zu finden. Entdecken Sie unsere Produktvielfalt bequem online, lassen Sie sich inspirieren und erleben Sie, wie einfach und stilvoll W\u00e4rme sein kann \u2013 mit Brandes Kaminstudio.<\/p>\n<\/div><div class=\"col large-4 giant-2 \"><div class=\"imageContainer\"><a class=\"modal-gallery\" title=\"Runder schwarzer Kaminofen mit sichtbarem Feuer, daneben ein gelber Holzstuhl und ein Bild mit Text an einer Ziegelsteinwand.\" href=\"https:\/\/www.brandes24.de\/shop\/wp-content\/uploads\/2024\/07\/termatech-tt21rht.jpg\"><picture ><source media=\"(max-width: 480px)\" srcset=\"https:\/\/www.brandes24.de\/shop\/wp-content\/uploads\/2024\/07\/termatech-tt21rht-480x480.jpg\"><source media=\"(max-width: 760px)\" srcset=\"https:\/\/www.brandes24.de\/shop\/wp-content\/uploads\/2024\/07\/termatech-tt21rht-760x760.jpg\"><source media=\"(max-width: 1200px)\" srcset=\"https:\/\/www.brandes24.de\/shop\/wp-content\/uploads\/2024\/07\/termatech-tt21rht-760x760.jpg\"><img decoding=\"async\" class=\"non-fluid\" style=\"aspect-ratio: 1 \/ 1\" loading=\"lazy\" alt=\"Runder schwarzer Kaminofen mit sichtbarem Feuer, daneben ein gelber Holzstuhl und ein Bild mit Text an einer Ziegelsteinwand.\" title=\"Runder schwarzer Kaminofen mit sichtbarem Feuer, daneben ein gelber Holzstuhl und ein Bild mit Text an einer Ziegelsteinwand.\" src=\"https:\/\/www.brandes24.de\/shop\/wp-content\/uploads\/2024\/07\/termatech-tt21rht.jpg\"><\/picture><\/a><\/div><\/div><\/div><\/div>\n\t\n\n\n<div class=\"ep-products-teaser  bg-medium space\">\n<div class=\"row\">\n\n\t\n\t<div class=\"col ep-title-container\"><h2>Unsere aktuellen Produkte &#8211;  <span class=\"subline\">werden Sie jetzt f\u00fcndig<\/span><\/h2><a title=\"Produkte \u2013 Kaminstudio Brandes | Kaminstudio Brandes\" class=\"btn weight-bold icon icon-after-arrow-right margin-bottom\" target=\"_self\" href=\"https:\/\/www.brandes24.de\/shop\/produkt-kategorie\/produkte\/\">Produkte<\/a><\/div>\n\n\t<div class=\"col\">\n\t\t<ul class=\"ep-teaser-tiles products margin-bottom \"><li class=\"product type-product post-5308 status-publish first instock product_cat-pelletoefen has-post-thumbnail shipping-taxable purchasable product-type-simple has-product-safety-information\">\n\t<a title=\"Pelletofen kaufen \u2013 Brandes | Kaminstudio Brandes\" href=\"https:\/\/www.brandes24.de\/shop\/produkt\/pelletofen-mcz-eiko\/\" class=\"woocommerce-LoopProduct-link woocommerce-loop-product__link\" aria-label=\"Produkt \u00f6ffnen \u2013 Pelletofen MCZ Eiko\" data-tooltip=\"focus\"><\/a><img loading=\"lazy\" decoding=\"async\" width=\"300\" height=\"300\" src=\"https:\/\/www.brandes24.de\/shop\/wp-content\/uploads\/2024\/07\/mcz-pelletofen-eiko-300x300.jpg\" class=\"attachment-woocommerce_thumbnail size-woocommerce_thumbnail\" alt=\"Moderner, grauer Kaminofen mit Sichtfenster steht an wei\u00dfer Wand neben Holzt\u00fcr, im Hintergrund Ledersessel vor Fenster\" srcset=\"https:\/\/www.brandes24.de\/shop\/wp-content\/uploads\/2024\/07\/mcz-pelletofen-eiko-300x300.jpg 300w, https:\/\/www.brandes24.de\/shop\/wp-content\/uploads\/2024\/07\/mcz-pelletofen-eiko-150x150.jpg 150w, https:\/\/www.brandes24.de\/shop\/wp-content\/uploads\/2024\/07\/mcz-pelletofen-eiko-100x100.jpg 100w\" sizes=\"auto, (max-width: 300px) 100vw, 300px\" \/><h2 class=\"woocommerce-loop-product__title\">Pelletofen MCZ Eiko<\/h2>\n\t<span class=\"price\"><span class=\"woocommerce-Price-amount amount\"><bdi>700,00&nbsp;<span class=\"woocommerce-Price-currencySymbol\">&euro;<\/span><\/bdi><\/span><\/span>\n\n<div class=\"product-info-container\"><\/div><div class=\"mark-container\"><mark class=\"mark-link\"><a href=\"https:\/\/www.brandes24.de\/shop\/produkt-kategorie\/produkte\/pelletoefen\/\" title=\"Gehe zu Pellet\u00f6fen\">Pellet\u00f6fen<\/a><\/mark><\/div><a class=\"btn\" tabindex=\"0\" title=\"Zur Wunschliste hinzuf\u00fcgen\" data-text-add=\"Zur Wunschliste hinzuf\u00fcgen\" data-text-remove=\"Entfernen\" data-wishlist=\"5308\">Zur Wunschliste hinzuf\u00fcgen<\/a>\n\n\n\n\t<p class=\"wc-gzd-additional-info wc-gzd-additional-info-loop shipping-costs-info\">zzgl. <a href=\"https:\/\/www.brandes24.de\/shop\/versandarten\/\" target=\"_blank\">Versandkosten<\/a><\/p>\n\n\n<a href=\"\/shop\/wp-json\/wp\/v2\/pages\/864?add-to-cart=5308\" aria-describedby=\"woocommerce_loop_add_to_cart_link_describedby_5308\" data-quantity=\"1\" class=\"button product_type_simple add_to_cart_button ajax_add_to_cart\" data-product_id=\"5308\" data-product_sku=\"\" aria-label=\"In den Warenkorb legen: \u201ePelletofen MCZ Eiko\u201c\" rel=\"nofollow\" data-success_message=\"\u201ePelletofen MCZ Eiko\u201c wurde Ihrem Warenkorb hinzugef\u00fcgt\" data-product-name=\"Pelletofen MCZ Eiko\" title=\"In den Warenkorb legen: \u201ePelletofen MCZ Eiko\u201c\" role=\"button\">In den Warenkorb<\/a>\t<span id=\"woocommerce_loop_add_to_cart_link_describedby_5308\" class=\"screen-reader-text\">\n\t\t\t<\/span>\n<\/li>\n<li class=\"product type-product post-5309 status-publish instock product_cat-kaminoefen has-post-thumbnail shipping-taxable purchasable product-type-simple\">\n\t<a title=\"Kaminofen kaufen \u2013 Brandes | Kaminstudio Brandes\" href=\"https:\/\/www.brandes24.de\/shop\/produkt\/kaminofen-termatech-tt21\/\" class=\"woocommerce-LoopProduct-link woocommerce-loop-product__link\" aria-label=\"Produkt \u00f6ffnen \u2013 Kaminofen Termatech TT21\" data-tooltip=\"focus\"><\/a><img loading=\"lazy\" decoding=\"async\" width=\"300\" height=\"300\" src=\"https:\/\/www.brandes24.de\/shop\/wp-content\/uploads\/2024\/07\/termatech-tt21rht-300x300.jpg\" class=\"attachment-woocommerce_thumbnail size-woocommerce_thumbnail\" alt=\"Runder schwarzer Kaminofen mit sichtbarem Feuer, daneben ein gelber Holzstuhl und ein Bild mit Text an einer Ziegelsteinwand.\" srcset=\"https:\/\/www.brandes24.de\/shop\/wp-content\/uploads\/2024\/07\/termatech-tt21rht-300x300.jpg 300w, https:\/\/www.brandes24.de\/shop\/wp-content\/uploads\/2024\/07\/termatech-tt21rht-150x150.jpg 150w, https:\/\/www.brandes24.de\/shop\/wp-content\/uploads\/2024\/07\/termatech-tt21rht-768x768.jpg 768w, https:\/\/www.brandes24.de\/shop\/wp-content\/uploads\/2024\/07\/termatech-tt21rht-480x480.jpg 480w, https:\/\/www.brandes24.de\/shop\/wp-content\/uploads\/2024\/07\/termatech-tt21rht-760x760.jpg 760w, https:\/\/www.brandes24.de\/shop\/wp-content\/uploads\/2024\/07\/termatech-tt21rht-600x600.jpg 600w, https:\/\/www.brandes24.de\/shop\/wp-content\/uploads\/2024\/07\/termatech-tt21rht-100x100.jpg 100w, https:\/\/www.brandes24.de\/shop\/wp-content\/uploads\/2024\/07\/termatech-tt21rht.jpg 800w\" sizes=\"auto, (max-width: 300px) 100vw, 300px\" \/><h2 class=\"woocommerce-loop-product__title\">Kaminofen Termatech TT21<\/h2>\n\t<span class=\"price\"><span class=\"woocommerce-Price-amount amount\"><bdi>500,00&nbsp;<span class=\"woocommerce-Price-currencySymbol\">&euro;<\/span><\/bdi><\/span><\/span>\n\n<div class=\"product-info-container\"><\/div><div class=\"mark-container\"><mark class=\"mark-link\"><a href=\"https:\/\/www.brandes24.de\/shop\/produkt-kategorie\/produkte\/kaminoefen\/\" title=\"Gehe zu Kamin\u00f6fen\">Kamin\u00f6fen<\/a><\/mark><\/div><a class=\"btn\" tabindex=\"0\" title=\"Zur Wunschliste hinzuf\u00fcgen\" data-text-add=\"Zur Wunschliste hinzuf\u00fcgen\" data-text-remove=\"Entfernen\" data-wishlist=\"5309\">Zur Wunschliste hinzuf\u00fcgen<\/a>\n\n\n\n\t<p class=\"wc-gzd-additional-info wc-gzd-additional-info-loop shipping-costs-info\">zzgl. <a href=\"https:\/\/www.brandes24.de\/shop\/versandarten\/\" target=\"_blank\">Versandkosten<\/a><\/p>\n\n\n<a href=\"\/shop\/wp-json\/wp\/v2\/pages\/864?add-to-cart=5309\" aria-describedby=\"woocommerce_loop_add_to_cart_link_describedby_5309\" data-quantity=\"1\" class=\"button product_type_simple add_to_cart_button ajax_add_to_cart\" data-product_id=\"5309\" data-product_sku=\"\" aria-label=\"In den Warenkorb legen: \u201eKaminofen Termatech TT21\u201c\" rel=\"nofollow\" data-success_message=\"\u201eKaminofen Termatech TT21\u201c wurde Ihrem Warenkorb hinzugef\u00fcgt\" data-product-name=\"Kaminofen Termatech TT21\" title=\"In den Warenkorb legen: \u201eKaminofen Termatech TT21\u201c\" role=\"button\">In den Warenkorb<\/a>\t<span id=\"woocommerce_loop_add_to_cart_link_describedby_5309\" class=\"screen-reader-text\">\n\t\t\t<\/span>\n<\/li>\n<li class=\"product type-product post-5283 status-publish last instock product_cat-kuechenherde has-post-thumbnail sale featured shipping-taxable purchasable product-type-simple\">\n\t<a title=\"K\u00fcchenherd \u2013 Heizen &amp; Kochen | Kaminstudio Brandes\" href=\"https:\/\/www.brandes24.de\/shop\/produkt\/kuechenherd-greithwald-hero\/\" class=\"woocommerce-LoopProduct-link woocommerce-loop-product__link\" aria-label=\"Produkt \u00f6ffnen \u2013 K\u00fcchenherd Greithwald Hero\" data-tooltip=\"focus\"><\/a><img loading=\"lazy\" decoding=\"async\" width=\"300\" height=\"300\" src=\"https:\/\/www.brandes24.de\/shop\/wp-content\/uploads\/2024\/07\/herogreithwald-300x300.jpg\" class=\"attachment-woocommerce_thumbnail size-woocommerce_thumbnail\" alt=\"K\u00fcchenzeile mit grauen Schr\u00e4nken, Holzarbeitsplatte, Holzofen mit Sichtfenster und Fliesenspiegel aus wei\u00dfen rechteckigen Fliesen.\" srcset=\"https:\/\/www.brandes24.de\/shop\/wp-content\/uploads\/2024\/07\/herogreithwald-300x300.jpg 300w, https:\/\/www.brandes24.de\/shop\/wp-content\/uploads\/2024\/07\/herogreithwald-150x150.jpg 150w, https:\/\/www.brandes24.de\/shop\/wp-content\/uploads\/2024\/07\/herogreithwald-100x100.jpg 100w\" sizes=\"auto, (max-width: 300px) 100vw, 300px\" \/><h2 class=\"woocommerce-loop-product__title\">K\u00fcchenherd Greithwald Hero<\/h2>\n\t<span class=\"price\"><del aria-hidden=\"true\"><span class=\"woocommerce-Price-amount amount\"><bdi>800,00&nbsp;<span class=\"woocommerce-Price-currencySymbol\">&euro;<\/span><\/bdi><\/span><\/del> <span class=\"screen-reader-text\">Urspr\u00fcnglicher Preis war: 800,00&nbsp;&euro;<\/span><ins aria-hidden=\"true\"><span class=\"woocommerce-Price-amount amount\"><bdi>300,00&nbsp;<span class=\"woocommerce-Price-currencySymbol\">&euro;<\/span><\/bdi><\/span><\/ins><span class=\"screen-reader-text\">Aktueller Preis ist: 300,00&nbsp;&euro;.<\/span><\/span>\n\n<div class=\"product-info-container\"><mark class=\"onsale\">Sale<\/mark><\/div><div class=\"mark-container\"><mark class=\"mark-link\"><a href=\"https:\/\/www.brandes24.de\/shop\/produkt-kategorie\/produkte\/kuechenherde\/\" title=\"Gehe zu K\u00fcchenherde\">K\u00fcchenherde<\/a><\/mark><\/div><a class=\"btn\" tabindex=\"0\" title=\"Zur Wunschliste hinzuf\u00fcgen\" data-text-add=\"Zur Wunschliste hinzuf\u00fcgen\" data-text-remove=\"Entfernen\" data-wishlist=\"5283\">Zur Wunschliste hinzuf\u00fcgen<\/a>\n\n\n\n\t<p class=\"wc-gzd-additional-info wc-gzd-additional-info-loop shipping-costs-info\">zzgl. <a href=\"https:\/\/www.brandes24.de\/shop\/versandarten\/\" target=\"_blank\">Versandkosten<\/a><\/p>\n\n\n<a href=\"\/shop\/wp-json\/wp\/v2\/pages\/864?add-to-cart=5283\" aria-describedby=\"woocommerce_loop_add_to_cart_link_describedby_5283\" data-quantity=\"1\" class=\"button product_type_simple add_to_cart_button ajax_add_to_cart\" data-product_id=\"5283\" data-product_sku=\"\" aria-label=\"In den Warenkorb legen: \u201eK\u00fcchenherd Greithwald Hero\u201c\" rel=\"nofollow\" data-success_message=\"\u201eK\u00fcchenherd Greithwald Hero\u201c wurde Ihrem Warenkorb hinzugef\u00fcgt\" data-product-name=\"K\u00fcchenherd Greithwald Hero\" title=\"In den Warenkorb legen: \u201eK\u00fcchenherd Greithwald Hero\u201c\" role=\"button\">In den Warenkorb<\/a>\t<span id=\"woocommerce_loop_add_to_cart_link_describedby_5283\" class=\"screen-reader-text\">\n\t\t\t<\/span>\n<\/li>\n<li class=\"product type-product post-5288 status-publish first instock product_cat-speicheroefen has-post-thumbnail sale shipping-taxable purchasable product-type-simple\">\n\t<a title=\"Speicherofen kaufen \u2013 Brandes | Kaminstudio Brandes\" href=\"https:\/\/www.brandes24.de\/shop\/produkt\/speicherofen-lotus-indian-night\/\" class=\"woocommerce-LoopProduct-link woocommerce-loop-product__link\" aria-label=\"Produkt \u00f6ffnen \u2013 Speicherofen Lotus Indian Night\" data-tooltip=\"focus\"><\/a><img loading=\"lazy\" decoding=\"async\" width=\"225\" height=\"225\" src=\"https:\/\/www.brandes24.de\/shop\/wp-content\/uploads\/2024\/07\/lotusindiannight.jpg\" class=\"attachment-woocommerce_thumbnail size-woocommerce_thumbnail\" alt=\"Moderner grauer Holzofen mit sichtbarer Flamme, daneben Holzstapel in Wandnische, dar\u00fcber Wandregal mit B\u00fcchern und Dekoration.\" srcset=\"https:\/\/www.brandes24.de\/shop\/wp-content\/uploads\/2024\/07\/lotusindiannight.jpg 225w, https:\/\/www.brandes24.de\/shop\/wp-content\/uploads\/2024\/07\/lotusindiannight-150x150.jpg 150w, https:\/\/www.brandes24.de\/shop\/wp-content\/uploads\/2024\/07\/lotusindiannight-100x100.jpg 100w\" sizes=\"auto, (max-width: 225px) 100vw, 225px\" \/><h2 class=\"woocommerce-loop-product__title\">Speicherofen Lotus Indian Night<\/h2>\n\t<span class=\"price\"><del aria-hidden=\"true\"><span class=\"woocommerce-Price-amount amount\"><bdi>700,00&nbsp;<span class=\"woocommerce-Price-currencySymbol\">&euro;<\/span><\/bdi><\/span><\/del> <span class=\"screen-reader-text\">Urspr\u00fcnglicher Preis war: 700,00&nbsp;&euro;<\/span><ins aria-hidden=\"true\"><span class=\"woocommerce-Price-amount amount\"><bdi>400,00&nbsp;<span class=\"woocommerce-Price-currencySymbol\">&euro;<\/span><\/bdi><\/span><\/ins><span class=\"screen-reader-text\">Aktueller Preis ist: 400,00&nbsp;&euro;.<\/span><\/span>\n\n<div class=\"product-info-container\"><mark class=\"onsale\">Sale<\/mark><\/div><div class=\"mark-container\"><mark class=\"mark-link\"><a href=\"https:\/\/www.brandes24.de\/shop\/produkt-kategorie\/produkte\/speicheroefen\/\" title=\"Gehe zu Speicher\u00f6fen\">Speicher\u00f6fen<\/a><\/mark><\/div><a class=\"btn\" tabindex=\"0\" title=\"Zur Wunschliste hinzuf\u00fcgen\" data-text-add=\"Zur Wunschliste hinzuf\u00fcgen\" data-text-remove=\"Entfernen\" data-wishlist=\"5288\">Zur Wunschliste hinzuf\u00fcgen<\/a>\n\n\n\n\t<p class=\"wc-gzd-additional-info wc-gzd-additional-info-loop shipping-costs-info\">zzgl. <a href=\"https:\/\/www.brandes24.de\/shop\/versandarten\/\" target=\"_blank\">Versandkosten<\/a><\/p>\n\n\n<a href=\"\/shop\/wp-json\/wp\/v2\/pages\/864?add-to-cart=5288\" aria-describedby=\"woocommerce_loop_add_to_cart_link_describedby_5288\" data-quantity=\"1\" class=\"button product_type_simple add_to_cart_button ajax_add_to_cart\" data-product_id=\"5288\" data-product_sku=\"\" aria-label=\"In den Warenkorb legen: \u201eSpeicherofen Lotus Indian Night\u201c\" rel=\"nofollow\" data-success_message=\"\u201eSpeicherofen Lotus Indian Night\u201c wurde Ihrem Warenkorb hinzugef\u00fcgt\" data-product-name=\"Speicherofen Lotus Indian Night\" title=\"In den Warenkorb legen: \u201eSpeicherofen Lotus Indian Night\u201c\" role=\"button\">In den Warenkorb<\/a>\t<span id=\"woocommerce_loop_add_to_cart_link_describedby_5288\" class=\"screen-reader-text\">\n\t\t\t<\/span>\n<\/li>\n<\/ul><\/div>\n\n<\/div>\n<\/div>\n\n\t\n\n\n\t<div class=\"ep-content-dynamic  bg-light space \"><div class=\"row   default-between default-middle\"><div class=\"col medium-6 large-5 giant-4 \"><div class=\"box box-big\"><h3>Was Sie bei uns erwartet:<\/h3>\n<ul>\n<li>Ausgew\u00e4hlte Markenprodukte \u2013 Qualit\u00e4t und Design namhafter Hersteller<\/li>\n<li>Fachberatung inklusive \u2013 auf Wunsch pers\u00f6nlich, telefonisch oder vor Ort<\/li>\n<li>Komplette L\u00f6sungen aus einer Hand \u2013 von der Planung bis zur Montage<\/li>\n<li>Vielf\u00e4ltige Modelle im Live-Betrieb \u2013 in unserer gro\u00dfen Ausstellung in Seesen<\/li>\n<li>Individuelle Heizkonzepte \u2013 f\u00fcr Wohnung, Haus oder Gewerbe<\/li>\n<\/ul>\n<\/div><\/div><div class=\"col medium-7 \"><h3>Mehr als nur Heizen \u2013 gestalten Sie mit Feuer<\/h3>\n<p>Ein Kamin ist heute weit mehr als eine W\u00e4rmequelle. Er ist Treffpunkt, Designobjekt und Wohlf\u00fchlgarant in einem. Er schafft Atmosph\u00e4re, spendet Geborgenheit \u2013 und bringt echtes Leben in Ihre vier W\u00e4nde. In unserem Onlineshop finden Sie Kamine und \u00d6fen, die genau diesen Anspruch erf\u00fcllen: technisch durchdacht, \u00e4sthetisch \u00fcberzeugend und perfekt abgestimmt auf unterschiedliche Wohnsituationen.<\/p>\n<p>Ob Sie eine moderne Loftwohnung ausstatten m\u00f6chten oder ein gem\u00fctliches Landhaus, ob Sie einen klaren, minimalistischen Stil bevorzugen oder nat\u00fcrliche Materialien sch\u00e4tzen \u2013 bei uns w\u00e4hlen Sie nicht einfach ein Produkt, sondern eine L\u00f6sung, die zu Ihrem Zuhause passt. Dabei steht Ihnen eine gro\u00dfe Vielfalt an Modellen, Ausf\u00fchrungen und Funktionen zur Verf\u00fcgung: vom platzsparenden Ofen f\u00fcr kleinere R\u00e4ume bis hin zum markanten Highlight mit Speicherkapazit\u00e4t und nat\u00fcrlicher Steinverkleidung.<\/p>\n<\/div><\/div><\/div>\n\t\n\n\n\t\n\n\t<div class=\"ep-block-categories-teaser ep-kategorie-teaser bg-dark space\">\n\t\t<div class=\"row\">\n\n\t\t\t\n\t\t\t<div class=\"col ep-title-container\"><h2>Unsere Produktkategorien  <span class=\"subline\"><\/span><\/h2><a title=\"Shop Kamin\u00f6fen &amp; Herde | Kaminstudio Brandes\" class=\"btn weight-bold icon icon-after-arrow-right margin-bottom\" target=\"_self\" href=\"https:\/\/www.brandes24.de\/shop\/shop-2\/\">Alle Kategorien ansehen<\/a><\/div>\n\t\n\t\t\t\t\t\t\t<div class=\"col\">\n\t\t\t\t\t\t\t\t\t<\/div>\n\t\t\t\t\n\t\t<\/div>\n\t<\/div>\n\n\t\n\n","protected":false},"excerpt":{"rendered":"","protected":false},"author":1,"featured_media":0,"parent":0,"menu_order":0,"comment_status":"closed","ping_status":"closed","template":"","meta":{"_acf_changed":false,"footnotes":""},"class_list":["post-864","page","type-page","status-publish","hentry"],"acf":[],"_links":{"self":[{"href":"https:\/\/www.brandes24.de\/shop\/wp-json\/wp\/v2\/pages\/864","targetHints":{"allow":["GET"]}}],"collection":[{"href":"https:\/\/www.brandes24.de\/shop\/wp-json\/wp\/v2\/pages"}],"about":[{"href":"https:\/\/www.brandes24.de\/shop\/wp-json\/wp\/v2\/types\/page"}],"author":[{"embeddable":true,"href":"https:\/\/www.brandes24.de\/shop\/wp-json\/wp\/v2\/users\/1"}],"replies":[{"embeddable":true,"href":"https:\/\/www.brandes24.de\/shop\/wp-json\/wp\/v2\/comments?post=864"}],"version-history":[{"count":4,"href":"https:\/\/www.brandes24.de\/shop\/wp-json\/wp\/v2\/pages\/864\/revisions"}],"predecessor-version":[{"id":6448,"href":"https:\/\/www.brandes24.de\/shop\/wp-json\/wp\/v2\/pages\/864\/revisions\/6448"}],"wp:attachment":[{"href":"https:\/\/www.brandes24.de\/shop\/wp-json\/wp\/v2\/media?parent=864"}],"curies":[{"name":"wp","href":"https:\/\/api.w.org\/{rel}","templated":true}]}}